{"id":236,"date":"2025-04-13T18:51:47","date_gmt":"2025-04-13T17:51:47","guid":{"rendered":"https:\/\/www.3xmais.pt\/?page_id=236"},"modified":"2025-04-15T19:05:02","modified_gmt":"2025-04-15T18:05:02","slug":"porteiros-e-zeladores","status":"publish","type":"page","link":"https:\/\/www.3xmais.pt\/?page_id=236","title":{"rendered":"Atividades Combinadas de Apoio aos Edif\u00edcios"},"content":{"rendered":"\n<div class=\"wp-block-group alignfull has-background is-nowrap is-layout-flex wp-container-core-group-is-layout-e0b46357 wp-block-group-is-layout-flex\" style=\"background-color:#f5eac1;padding-top:6vw;padding-right:6vw;padding-bottom:6vw;padding-left:6vw\">\n<div class=\"wp-block-group is-vertical is-content-justification-center is-nowrap is-layout-flex wp-container-core-group-is-layout-d274c13d wp-block-group-is-layout-flex\" style=\"padding-right:0;padding-left:0\">\n<div class=\"wp-block-columns is-layout-flex wp-container-core-columns-is-layout-28f84493 wp-block-columns-is-layout-flex\">\n<div class=\"wp-block-column is-layout-flow wp-block-column-is-layout-flow\">\n<p class=\"is-style-text-subtitle has-contrast-color has-text-color has-link-color has-x-large-font-size wp-elements-1015ec264160b4320d5f6dce079be380 is-style-text-subtitle--1\"><strong>Porteiros e Zeladores<\/strong>: Seguran\u00e7a, confian\u00e7a e excelente atendimento! Garanta no seu Condom\u00ednio tranquilidade com nossos servi\u00e7os de porteiro profissional.<\/p>\n\n\n\n<div class=\"wp-block-columns is-layout-flex wp-container-core-columns-is-layout-28f84493 wp-block-columns-is-layout-flex\">\n<div class=\"wp-block-column is-layout-flow wp-block-column-is-layout-flow\">\n<figure class=\"wp-block-gallery has-nested-images columns-default is-cropped wp-block-gallery-2 is-layout-flex wp-block-gallery-is-layout-flex\">\n<figure class=\"wp-block-image size-large\" style=\"margin-top:var(--wp--preset--spacing--40);margin-bottom:var(--wp--preset--spacing--40)\"><img loading=\"lazy\" decoding=\"async\" width=\"1024\" height=\"683\" data-id=\"65\" src=\"https:\/\/www.3xmais.pt\/wp-content\/uploads\/2025\/04\/pexels-mikhail-nilov-7820359-1024x683.jpg\" alt=\"\" class=\"wp-image-65\" srcset=\"https:\/\/www.3xmais.pt\/wp-content\/uploads\/2025\/04\/pexels-mikhail-nilov-7820359-1024x683.jpg 1024w, https:\/\/www.3xmais.pt\/wp-content\/uploads\/2025\/04\/pexels-mikhail-nilov-7820359-300x200.jpg 300w, https:\/\/www.3xmais.pt\/wp-content\/uploads\/2025\/04\/pexels-mikhail-nilov-7820359-768x512.jpg 768w, https:\/\/www.3xmais.pt\/wp-content\/uploads\/2025\/04\/pexels-mikhail-nilov-7820359-1536x1024.jpg 1536w, https:\/\/www.3xmais.pt\/wp-content\/uploads\/2025\/04\/pexels-mikhail-nilov-7820359-2048x1365.jpg 2048w\" sizes=\"auto, (max-width: 1024px) 100vw, 1024px\" \/><\/figure>\n\n\n\n<figure class=\"wp-block-image size-large\" style=\"margin-top:var(--wp--preset--spacing--40);margin-bottom:var(--wp--preset--spacing--40)\"><img loading=\"lazy\" decoding=\"async\" width=\"1024\" height=\"683\" data-id=\"64\" src=\"https:\/\/www.3xmais.pt\/wp-content\/uploads\/2025\/04\/pexels-olly-3768095-1024x683.jpg\" alt=\"\" class=\"wp-image-64\" srcset=\"https:\/\/www.3xmais.pt\/wp-content\/uploads\/2025\/04\/pexels-olly-3768095-1024x683.jpg 1024w, https:\/\/www.3xmais.pt\/wp-content\/uploads\/2025\/04\/pexels-olly-3768095-300x200.jpg 300w, https:\/\/www.3xmais.pt\/wp-content\/uploads\/2025\/04\/pexels-olly-3768095-768x512.jpg 768w, https:\/\/www.3xmais.pt\/wp-content\/uploads\/2025\/04\/pexels-olly-3768095-1536x1024.jpg 1536w, https:\/\/www.3xmais.pt\/wp-content\/uploads\/2025\/04\/pexels-olly-3768095-2048x1365.jpg 2048w\" sizes=\"auto, (max-width: 1024px) 100vw, 1024px\" \/><\/figure>\n<\/figure>\n<\/div>\n<\/div>\n\n\n\n<p class=\"is-style-text-subtitle has-contrast-color has-text-color has-link-color has-x-large-font-size wp-elements-38596ec19331b5cb3879c2af8d7bbbb8 is-style-text-subtitle--3\"><strong>Manuten\u00e7\u00e3o a Condom\u00ednios: <\/strong>Fiabilidade, efici\u00eancia e cuidado! Os nossos servi\u00e7os de manuten\u00e7\u00e3o a Edif\u00edcios garantem a preserva\u00e7\u00e3o e o bom funcionamento do seu espa\u00e7o com a m\u00e1xima qualidade.<\/p>\n\n\n\n<figure class=\"wp-block-gallery has-nested-images columns-default is-cropped wp-block-gallery-4 is-layout-flex wp-block-gallery-is-layout-flex\">\n<figure class=\"wp-block-image size-large\" style=\"margin-top:var(--wp--preset--spacing--40);margin-bottom:var(--wp--preset--spacing--40)\"><img loading=\"lazy\" decoding=\"async\" width=\"1024\" height=\"623\" data-id=\"87\" src=\"https:\/\/www.3xmais.pt\/wp-content\/uploads\/2025\/04\/pexels-mart-production-7641255-1024x623.jpg\" alt=\"\" class=\"wp-image-87\" srcset=\"https:\/\/www.3xmais.pt\/wp-content\/uploads\/2025\/04\/pexels-mart-production-7641255-1024x623.jpg 1024w, https:\/\/www.3xmais.pt\/wp-content\/uploads\/2025\/04\/pexels-mart-production-7641255-300x182.jpg 300w, https:\/\/www.3xmais.pt\/wp-content\/uploads\/2025\/04\/pexels-mart-production-7641255-768x467.jpg 768w, https:\/\/www.3xmais.pt\/wp-content\/uploads\/2025\/04\/pexels-mart-production-7641255-1536x934.jpg 1536w, https:\/\/www.3xmais.pt\/wp-content\/uploads\/2025\/04\/pexels-mart-production-7641255-2048x1245.jpg 2048w\" sizes=\"auto, (max-width: 1024px) 100vw, 1024px\" \/><\/figure>\n\n\n\n<figure class=\"wp-block-image size-large\" style=\"margin-top:var(--wp--preset--spacing--40);margin-bottom:var(--wp--preset--spacing--40)\"><img loading=\"lazy\" decoding=\"async\" width=\"1024\" height=\"683\" data-id=\"86\" src=\"https:\/\/www.3xmais.pt\/wp-content\/uploads\/2025\/04\/pexels-mart-production-7491192-1024x683.jpg\" alt=\"\" class=\"wp-image-86\" srcset=\"https:\/\/www.3xmais.pt\/wp-content\/uploads\/2025\/04\/pexels-mart-production-7491192-1024x683.jpg 1024w, https:\/\/www.3xmais.pt\/wp-content\/uploads\/2025\/04\/pexels-mart-production-7491192-300x200.jpg 300w, https:\/\/www.3xmais.pt\/wp-content\/uploads\/2025\/04\/pexels-mart-production-7491192-768x512.jpg 768w, https:\/\/www.3xmais.pt\/wp-content\/uploads\/2025\/04\/pexels-mart-production-7491192-1536x1024.jpg 1536w, https:\/\/www.3xmais.pt\/wp-content\/uploads\/2025\/04\/pexels-mart-production-7491192-2048x1365.jpg 2048w\" sizes=\"auto, (max-width: 1024px) 100vw, 1024px\" \/><\/figure>\n<\/figure>\n<\/div>\n<\/div>\n\n\n\n<p class=\"has-contrast-color has-text-color has-link-color has-x-large-font-size wp-elements-1c470b3e8e3c6002f81214177947fe24\"><strong>Servi\u00e7os de Limpeza: <\/strong>Brilho, efic\u00e1cia e perfei\u00e7\u00e3o! Os nossos servi\u00e7os de limpeza garantem um espa\u00e7o impec\u00e1vel, cuidado com dedica\u00e7\u00e3o e aten\u00e7\u00e3o ao detalhe.\u200b<\/p>\n\n\n\n<figure class=\"wp-block-gallery has-nested-images columns-default is-cropped wp-block-gallery-5 is-layout-flex wp-block-gallery-is-layout-flex\">\n<figure class=\"wp-block-image size-large\" style=\"margin-top:var(--wp--preset--spacing--40);margin-bottom:var(--wp--preset--spacing--40)\"><img loading=\"lazy\" decoding=\"async\" width=\"1024\" height=\"768\" data-id=\"89\" src=\"https:\/\/www.3xmais.pt\/wp-content\/uploads\/2025\/04\/pexels-cottonbro-4108715-1-1024x768.jpg\" alt=\"\" class=\"wp-image-89\" srcset=\"https:\/\/www.3xmais.pt\/wp-content\/uploads\/2025\/04\/pexels-cottonbro-4108715-1-1024x768.jpg 1024w, https:\/\/www.3xmais.pt\/wp-content\/uploads\/2025\/04\/pexels-cottonbro-4108715-1-300x225.jpg 300w, https:\/\/www.3xmais.pt\/wp-content\/uploads\/2025\/04\/pexels-cottonbro-4108715-1-768x576.jpg 768w, https:\/\/www.3xmais.pt\/wp-content\/uploads\/2025\/04\/pexels-cottonbro-4108715-1-1536x1152.jpg 1536w, https:\/\/www.3xmais.pt\/wp-content\/uploads\/2025\/04\/pexels-cottonbro-4108715-1-2048x1536.jpg 2048w\" sizes=\"auto, (max-width: 1024px) 100vw, 1024px\" \/><\/figure>\n\n\n\n<figure class=\"wp-block-image size-large\" style=\"margin-top:var(--wp--preset--spacing--40);margin-bottom:var(--wp--preset--spacing--40)\"><img loading=\"lazy\" decoding=\"async\" width=\"1024\" height=\"683\" data-id=\"81\" src=\"https:\/\/www.3xmais.pt\/wp-content\/uploads\/2025\/04\/pexels-pixabay-38325-1024x683.jpg\" alt=\"\" class=\"wp-image-81\" srcset=\"https:\/\/www.3xmais.pt\/wp-content\/uploads\/2025\/04\/pexels-pixabay-38325-1024x683.jpg 1024w, https:\/\/www.3xmais.pt\/wp-content\/uploads\/2025\/04\/pexels-pixabay-38325-300x200.jpg 300w, https:\/\/www.3xmais.pt\/wp-content\/uploads\/2025\/04\/pexels-pixabay-38325-768x512.jpg 768w, https:\/\/www.3xmais.pt\/wp-content\/uploads\/2025\/04\/pexels-pixabay-38325-1536x1024.jpg 1536w, https:\/\/www.3xmais.pt\/wp-content\/uploads\/2025\/04\/pexels-pixabay-38325-2048x1365.jpg 2048w\" sizes=\"auto, (max-width: 1024px) 100vw, 1024px\" \/><\/figure>\n<\/figure>\n\n\n\n<p class=\"has-contrast-color has-text-color has-link-color has-x-large-font-size wp-elements-d2820516aedd022c3b242f058c260acd\"><strong>Manuten\u00e7\u00e3o a \u00c1reas Verdes e Jardins<\/strong>: Cuidados excecionais, beleza duradoura! Os nossos servi\u00e7os de manuten\u00e7\u00e3o de \u00e1reas verdes e jardins garantem espa\u00e7os vibrantes, saud\u00e1veis e sempre impec\u00e1veis.\u200b<\/p>\n\n\n\n<figure class=\"wp-block-gallery has-nested-images columns-default is-cropped wp-block-gallery-6 is-layout-flex wp-block-gallery-is-layout-flex\">\n<figure class=\"wp-block-image size-large\" style=\"margin-top:var(--wp--preset--spacing--40);margin-bottom:var(--wp--preset--spacing--40)\"><img loading=\"lazy\" decoding=\"async\" width=\"1024\" height=\"682\" data-id=\"188\" src=\"https:\/\/www.3xmais.pt\/wp-content\/uploads\/2025\/04\/gardening-2518377_1280-1024x682.jpg\" alt=\"\" class=\"wp-image-188\" srcset=\"https:\/\/www.3xmais.pt\/wp-content\/uploads\/2025\/04\/gardening-2518377_1280-1024x682.jpg 1024w, https:\/\/www.3xmais.pt\/wp-content\/uploads\/2025\/04\/gardening-2518377_1280-300x200.jpg 300w, https:\/\/www.3xmais.pt\/wp-content\/uploads\/2025\/04\/gardening-2518377_1280-768x512.jpg 768w, https:\/\/www.3xmais.pt\/wp-content\/uploads\/2025\/04\/gardening-2518377_1280.jpg 1280w\" sizes=\"auto, (max-width: 1024px) 100vw, 1024px\" \/><\/figure>\n\n\n\n<figure class=\"wp-block-image size-large\" style=\"margin-top:var(--wp--preset--spacing--40);margin-bottom:var(--wp--preset--spacing--40)\"><img loading=\"lazy\" decoding=\"async\" width=\"1024\" height=\"682\" data-id=\"187\" src=\"https:\/\/www.3xmais.pt\/wp-content\/uploads\/2025\/04\/planting-4226838_1280-1024x682.jpg\" alt=\"\" class=\"wp-image-187\" srcset=\"https:\/\/www.3xmais.pt\/wp-content\/uploads\/2025\/04\/planting-4226838_1280-1024x682.jpg 1024w, https:\/\/www.3xmais.pt\/wp-content\/uploads\/2025\/04\/planting-4226838_1280-300x200.jpg 300w, https:\/\/www.3xmais.pt\/wp-content\/uploads\/2025\/04\/planting-4226838_1280-768x512.jpg 768w, https:\/\/www.3xmais.pt\/wp-content\/uploads\/2025\/04\/planting-4226838_1280.jpg 1280w\" sizes=\"auto, (max-width: 1024px) 100vw, 1024px\" \/><\/figure>\n<\/figure>\n<\/div>\n<\/div>\n\n\n\n<div class=\"wp-block-group alignfull is-style-default is-content-justification-center is-nowrap is-layout-flex wp-container-core-group-is-layout-23441af8 wp-block-group-is-layout-flex\">\n<figure class=\"wp-block-image size-large is-resized\"><img loading=\"lazy\" decoding=\"async\" width=\"1024\" height=\"1024\" src=\"http:\/\/www.3xmais.pt\/wp-content\/uploads\/2025\/04\/152089-T_118d5695a4774da18afdf7a7ead663f0-1024x1024.png\" alt=\"\" class=\"wp-image-15\" style=\"width:118px;height:auto\" srcset=\"https:\/\/www.3xmais.pt\/wp-content\/uploads\/2025\/04\/152089-T_118d5695a4774da18afdf7a7ead663f0-1024x1024.png 1024w, https:\/\/www.3xmais.pt\/wp-content\/uploads\/2025\/04\/152089-T_118d5695a4774da18afdf7a7ead663f0-300x300.png 300w, https:\/\/www.3xmais.pt\/wp-content\/uploads\/2025\/04\/152089-T_118d5695a4774da18afdf7a7ead663f0-150x150.png 150w, https:\/\/www.3xmais.pt\/wp-content\/uploads\/2025\/04\/152089-T_118d5695a4774da18afdf7a7ead663f0-768x768.png 768w, https:\/\/www.3xmais.pt\/wp-content\/uploads\/2025\/04\/152089-T_118d5695a4774da18afdf7a7ead663f0-1536x1536.png 1536w, https:\/\/www.3xmais.pt\/wp-content\/uploads\/2025\/04\/152089-T_118d5695a4774da18afdf7a7ead663f0-2048x2048.png 2048w\" sizes=\"auto, (max-width: 1024px) 100vw, 1024px\" \/><\/figure>\n\n\n\n<div class=\"wp-block-columns is-layout-flex wp-container-core-columns-is-layout-28f84493 wp-block-columns-is-layout-flex\">\n<div class=\"wp-block-column is-layout-flow wp-block-column-is-layout-flow\" style=\"flex-basis:100%\">\n<div class=\"wp-block-group is-layout-flex wp-container-core-group-is-layout-19858539 wp-block-group-is-layout-flex\">\n<div class=\"wp-block-columns is-layout-flex wp-container-core-columns-is-layout-28f84493 wp-block-columns-is-layout-flex\">\n<div class=\"wp-block-column is-layout-flow wp-block-column-is-layout-flow\" style=\"flex-basis:100%\">\n<div class=\"wp-block-group has-global-padding is-layout-constrained wp-container-core-group-is-layout-7db9d80f wp-block-group-is-layout-constrained\" style=\"padding-right:0;padding-left:0\">\n<h3 class=\"wp-block-heading has-text-align-center has-medium-font-size\" style=\"font-style:normal;font-weight:700\"><strong>Contactos<\/strong><\/h3>\n\n\n\n<div class=\"wp-block-group is-style-default is-nowrap is-layout-flex wp-container-core-group-is-layout-6c531013 wp-block-group-is-layout-flex\">\n<h4 class=\"wp-block-heading has-text-align-right\"><strong>Email<\/strong>: geral@3xmais.pt<\/h4>\n\n\n\n<h4 class=\"wp-block-heading has-text-align-right\"><strong>Telem\u00f3vel Geral<\/strong>: 961 298 042<\/h4>\n\n\n\n<h4 class=\"wp-block-heading has-text-align-right\"><strong>Telem\u00f3vel Urg\u00eancias 24h:<\/strong> 961 298 045<\/h4>\n<\/div>\n<\/div>\n<\/div>\n<\/div>\n<\/div>\n<\/div>\n<\/div>\n<\/div>\n\n\n\n<p><\/p>\n","protected":false},"excerpt":{"rendered":"<p>Porteiros e Zeladores: Seguran\u00e7a, confian\u00e7a e excelente atendimento! Garanta no seu Condom\u00ednio tranquilidade com nossos servi\u00e7os de porteiro profissional. Manuten\u00e7\u00e3o a Condom\u00ednios: Fiabilidade, efici\u00eancia e cuidado! Os nossos servi\u00e7os de manuten\u00e7\u00e3o a Edif\u00edcios garantem a preserva\u00e7\u00e3o e o bom funcionamento do seu espa\u00e7o com a m\u00e1xima qualidade. Servi\u00e7os de Limpeza: Brilho, efic\u00e1cia e perfei\u00e7\u00e3o! Os [&hellip;]<\/p>\n","protected":false},"author":1,"featured_media":0,"parent":0,"menu_order":0,"comment_status":"closed","ping_status":"closed","template":"","meta":{"footnotes":""},"class_list":["post-236","page","type-page","status-publish","hentry"],"_links":{"self":[{"href":"https:\/\/www.3xmais.pt\/index.php?rest_route=\/wp\/v2\/pages\/236","targetHints":{"allow":["GET"]}}],"collection":[{"href":"https:\/\/www.3xmais.pt\/index.php?rest_route=\/wp\/v2\/pages"}],"about":[{"href":"https:\/\/www.3xmais.pt\/index.php?rest_route=\/wp\/v2\/types\/page"}],"author":[{"embeddable":true,"href":"https:\/\/www.3xmais.pt\/index.php?rest_route=\/wp\/v2\/users\/1"}],"replies":[{"embeddable":true,"href":"https:\/\/www.3xmais.pt\/index.php?rest_route=%2Fwp%2Fv2%2Fcomments&post=236"}],"version-history":[{"count":7,"href":"https:\/\/www.3xmais.pt\/index.php?rest_route=\/wp\/v2\/pages\/236\/revisions"}],"predecessor-version":[{"id":292,"href":"https:\/\/www.3xmais.pt\/index.php?rest_route=\/wp\/v2\/pages\/236\/revisions\/292"}],"wp:attachment":[{"href":"https:\/\/www.3xmais.pt\/index.php?rest_route=%2Fwp%2Fv2%2Fmedia&parent=236"}],"curies":[{"name":"wp","href":"https:\/\/api.w.org\/{rel}","templated":true}]}}