{"id":365,"date":"2025-05-09T18:42:14","date_gmt":"2025-05-09T17:42:14","guid":{"rendered":"https:\/\/www.3xmais.pt\/?page_id=365"},"modified":"2025-05-14T12:32:30","modified_gmt":"2025-05-14T11:32:30","slug":"clientes-2","status":"publish","type":"page","link":"https:\/\/www.3xmais.pt\/?page_id=365","title":{"rendered":"Clientes"},"content":{"rendered":"\n<div class=\"wp-block-group alignfull is-layout-flow wp-container-core-group-is-layout-f9cb6abc wp-block-group-is-layout-flow\" style=\"margin-top:0;margin-bottom:0\">\n<div class=\"wp-block-group is-style-section-2 has-large-font-size is-content-justification-center is-nowrap is-layout-flex wp-container-core-group-is-layout-04e99c98 wp-block-group-is-layout-flex is-style-section-2--1\" style=\"border-style:none;border-width:0px;border-radius:0px;margin-top:0;margin-bottom:0;padding-top:var(--wp--preset--spacing--40);padding-right:0;padding-bottom:var(--wp--preset--spacing--40);padding-left:0\"><div class=\"is-style-default wp-block-site-logo\"><a href=\"https:\/\/www.3xmais.pt\/\" class=\"custom-logo-link\" rel=\"home\"><img loading=\"lazy\" decoding=\"async\" width=\"113\" height=\"113\" src=\"https:\/\/www.3xmais.pt\/wp-content\/uploads\/2025\/04\/152089-T_118d5695a4774da18afdf7a7ead663f0.png\" class=\"custom-logo\" alt=\"3xmais.pt\" srcset=\"https:\/\/www.3xmais.pt\/wp-content\/uploads\/2025\/04\/152089-T_118d5695a4774da18afdf7a7ead663f0.png 2363w, https:\/\/www.3xmais.pt\/wp-content\/uploads\/2025\/04\/152089-T_118d5695a4774da18afdf7a7ead663f0-300x300.png 300w, https:\/\/www.3xmais.pt\/wp-content\/uploads\/2025\/04\/152089-T_118d5695a4774da18afdf7a7ead663f0-1024x1024.png 1024w, https:\/\/www.3xmais.pt\/wp-content\/uploads\/2025\/04\/152089-T_118d5695a4774da18afdf7a7ead663f0-150x150.png 150w, https:\/\/www.3xmais.pt\/wp-content\/uploads\/2025\/04\/152089-T_118d5695a4774da18afdf7a7ead663f0-768x768.png 768w, https:\/\/www.3xmais.pt\/wp-content\/uploads\/2025\/04\/152089-T_118d5695a4774da18afdf7a7ead663f0-1536x1536.png 1536w, https:\/\/www.3xmais.pt\/wp-content\/uploads\/2025\/04\/152089-T_118d5695a4774da18afdf7a7ead663f0-2048x2048.png 2048w\" sizes=\"auto, (max-width: 113px) 100vw, 113px\" \/><\/a><\/div>\n\n\n<div class=\"wp-block-group alignwide is-style-default has-contrast-color has-text-color has-link-color has-large-font-size wp-elements-e318f7a3a12b5dcfded805fa498ffefd is-content-justification-center is-nowrap is-layout-flex wp-container-core-group-is-layout-8ef439a4 wp-block-group-is-layout-flex\" style=\"margin-top:0;margin-bottom:0;padding-top:var(--wp--preset--spacing--20);padding-right:var(--wp--preset--spacing--80);padding-bottom:var(--wp--preset--spacing--20);padding-left:var(--wp--preset--spacing--80)\">\n<div class=\"wp-block-group is-content-justification-right is-nowrap is-layout-flex wp-container-core-group-is-layout-f4c28e8b wp-block-group-is-layout-flex\"><nav class=\"has-text-color has-contrast-color has-large-font-size is-responsive items-justified-center wp-block-navigation wp-container-content-9cfa9a5a is-horizontal is-content-justification-center is-layout-flex wp-container-core-navigation-is-layout-bb6083bc wp-block-navigation-is-layout-flex\" aria-label=\"Navega\u00e7\u00e3o de Rodap\u00e9\" \n\t\t data-wp-interactive=\"core\/navigation\" data-wp-context='{\"overlayOpenedBy\":{\"click\":false,\"hover\":false,\"focus\":false},\"type\":\"overlay\",\"roleAttribute\":\"\",\"ariaLabel\":\"Menu\"}'><button aria-haspopup=\"dialog\" aria-label=\"Abrir menu\" class=\"wp-block-navigation__responsive-container-open\" \n\t\t\t\tdata-wp-on--click=\"actions.openMenuOnClick\"\n\t\t\t\tdata-wp-on--keydown=\"actions.handleMenuKeydown\"\n\t\t\t><svg width=\"24\" height=\"24\" xmlns=\"http:\/\/www.w3.org\/2000\/svg\" viewBox=\"0 0 24 24\" aria-hidden=\"true\" focusable=\"false\"><path d=\"M4 7.5h16v1.5H4z\"><\/path><path d=\"M4 15h16v1.5H4z\"><\/path><\/svg><\/button>\n\t\t\t\t<div class=\"wp-block-navigation__responsive-container  has-text-color has-contrast-color has-background has-base-background-color\"  id=\"modal-2\" \n\t\t\t\tdata-wp-class--has-modal-open=\"state.isMenuOpen\"\n\t\t\t\tdata-wp-class--is-menu-open=\"state.isMenuOpen\"\n\t\t\t\tdata-wp-watch=\"callbacks.initMenu\"\n\t\t\t\tdata-wp-on--keydown=\"actions.handleMenuKeydown\"\n\t\t\t\tdata-wp-on--focusout=\"actions.handleMenuFocusout\"\n\t\t\t\ttabindex=\"-1\"\n\t\t\t>\n\t\t\t\t\t<div class=\"wp-block-navigation__responsive-close\" tabindex=\"-1\">\n\t\t\t\t\t\t<div class=\"wp-block-navigation__responsive-dialog\" \n\t\t\t\tdata-wp-bind--aria-modal=\"state.ariaModal\"\n\t\t\t\tdata-wp-bind--aria-label=\"state.ariaLabel\"\n\t\t\t\tdata-wp-bind--role=\"state.roleAttribute\"\n\t\t\t>\n\t\t\t\t\t\t\t<button aria-label=\"Fechar menu\" class=\"wp-block-navigation__responsive-container-close\" \n\t\t\t\tdata-wp-on--click=\"actions.closeMenuOnClick\"\n\t\t\t><svg xmlns=\"http:\/\/www.w3.org\/2000\/svg\" viewBox=\"0 0 24 24\" width=\"24\" height=\"24\" aria-hidden=\"true\" focusable=\"false\"><path d=\"m13.06 12 6.47-6.47-1.06-1.06L12 10.94 5.53 4.47 4.47 5.53 10.94 12l-6.47 6.47 1.06 1.06L12 13.06l6.47 6.47 1.06-1.06L13.06 12Z\"><\/path><\/svg><\/button>\n\t\t\t\t\t\t\t<div class=\"wp-block-navigation__responsive-container-content\" \n\t\t\t\tdata-wp-watch=\"callbacks.focusFirstElement\"\n\t\t\t id=\"modal-2-content\">\n\t\t\t\t\t\t\t\t<ul class=\"wp-block-navigation__container has-text-color has-contrast-color has-large-font-size is-responsive items-justified-center wp-block-navigation has-large-font-size\"><li class=\"has-large-font-size wp-block-navigation-item wp-block-navigation-link has-x-large-font-size wp-container-content-9cfa9a5a\"><a class=\"wp-block-navigation-item__content\"  href=\"https:\/\/www.3xmais.pt\/?page_id=236\"><span class=\"wp-block-navigation-item__label\"><strong>Atividades Combinadas de Apoio aos Edif\u00edcios<\/strong><\/span><\/a><\/li><li class=\"has-large-font-size wp-block-navigation-item wp-block-navigation-link has-large-font-size\"><a class=\"wp-block-navigation-item__content\"  href=\"https:\/\/www.3xmais.pt\/?page_id=224\"><span class=\"wp-block-navigation-item__label\"><strong>Publicidade<\/strong><\/span><\/a><\/li><li class=\"has-large-font-size wp-block-navigation-item wp-block-navigation-link has-large-font-size\"><a class=\"wp-block-navigation-item__content\"  href=\"https:\/\/www.3xmais.pt\/?page_id=263\"><span class=\"wp-block-navigation-item__label\"><strong>Eventos<\/strong><\/span><\/a><\/li><li class=\"has-large-font-size wp-block-navigation-item wp-block-navigation-link\"><a class=\"wp-block-navigation-item__content\"  href=\"https:\/\/www.3xmais.pt\/?page_id=365\"><span class=\"wp-block-navigation-item__label\"><strong>Clientes<\/strong><\/span><\/a><\/li><li class=\"has-large-font-size wp-block-navigation-item wp-block-navigation-link\"><a class=\"wp-block-navigation-item__content\"  href=\"https:\/\/www.3xmais.pt\/?page_id=430\"><span class=\"wp-block-navigation-item__label\"><strong>Recrutamento<\/strong><\/span><\/a><\/li><\/ul>\n\t\t\t\t\t\t\t<\/div>\n\t\t\t\t\t\t<\/div>\n\t\t\t\t\t<\/div>\n\t\t\t\t<\/div><\/nav><\/div>\n<\/div>\n<\/div>\n\n\n\n<div class=\"wp-block-group alignfull has-background is-layout-flow wp-block-group-is-layout-flow\" style=\"background-color:#f5eac1;margin-top:var(--wp--preset--spacing--20);margin-bottom:var(--wp--preset--spacing--20);padding-top:6vw;padding-right:6vw;padding-bottom:6vw;padding-left:6vw\">\n<div class=\"wp-block-columns is-layout-flex wp-container-core-columns-is-layout-28f84493 wp-block-columns-is-layout-flex\">\n<div class=\"wp-block-column is-layout-flow wp-block-column-is-layout-flow\">\n<h2 class=\"wp-block-heading\">Em Constru\u00e7\u00e3o.<\/h2>\n<\/div>\n<\/div>\n<\/div>\n\n\n\n<div class=\"wp-block-group alignfull is-style-section-2 is-content-justification-center is-nowrap is-layout-flex wp-container-core-group-is-layout-775de51a wp-block-group-is-layout-flex is-style-section-2--3\" style=\"margin-top:0;margin-bottom:0\">\n<figure class=\"wp-block-image size-large is-resized\"><img loading=\"lazy\" decoding=\"async\" width=\"1024\" height=\"1024\" src=\"http:\/\/www.3xmais.pt\/wp-content\/uploads\/2025\/04\/152089-T_118d5695a4774da18afdf7a7ead663f0-1024x1024.png\" alt=\"\" class=\"wp-image-15\" style=\"width:118px;height:auto\" srcset=\"https:\/\/www.3xmais.pt\/wp-content\/uploads\/2025\/04\/152089-T_118d5695a4774da18afdf7a7ead663f0-1024x1024.png 1024w, https:\/\/www.3xmais.pt\/wp-content\/uploads\/2025\/04\/152089-T_118d5695a4774da18afdf7a7ead663f0-300x300.png 300w, https:\/\/www.3xmais.pt\/wp-content\/uploads\/2025\/04\/152089-T_118d5695a4774da18afdf7a7ead663f0-150x150.png 150w, https:\/\/www.3xmais.pt\/wp-content\/uploads\/2025\/04\/152089-T_118d5695a4774da18afdf7a7ead663f0-768x768.png 768w, https:\/\/www.3xmais.pt\/wp-content\/uploads\/2025\/04\/152089-T_118d5695a4774da18afdf7a7ead663f0-1536x1536.png 1536w, https:\/\/www.3xmais.pt\/wp-content\/uploads\/2025\/04\/152089-T_118d5695a4774da18afdf7a7ead663f0-2048x2048.png 2048w\" sizes=\"auto, (max-width: 1024px) 100vw, 1024px\" \/><\/figure>\n\n\n\n<div class=\"wp-block-columns is-layout-flex wp-container-core-columns-is-layout-28f84493 wp-block-columns-is-layout-flex\">\n<div class=\"wp-block-column is-layout-flow wp-block-column-is-layout-flow\" style=\"flex-basis:100%\">\n<div class=\"wp-block-group is-layout-flex wp-container-core-group-is-layout-19858539 wp-block-group-is-layout-flex\">\n<div class=\"wp-block-columns is-layout-flex wp-container-core-columns-is-layout-28f84493 wp-block-columns-is-layout-flex\">\n<div class=\"wp-block-column is-layout-flow wp-block-column-is-layout-flow\" style=\"flex-basis:100%\">\n<div class=\"wp-block-group has-global-padding is-layout-constrained wp-container-core-group-is-layout-7db9d80f wp-block-group-is-layout-constrained\" style=\"padding-right:0;padding-left:0\">\n<h3 class=\"wp-block-heading has-text-align-center has-medium-font-size\" style=\"font-style:normal;font-weight:700\"><strong>Contactos<\/strong><\/h3>\n\n\n\n<div class=\"wp-block-group is-style-default is-nowrap is-layout-flex wp-container-core-group-is-layout-6c531013 wp-block-group-is-layout-flex\">\n<h4 class=\"wp-block-heading has-text-align-right\"><strong>Email<\/strong>: geral@3xmais.pt<\/h4>\n\n\n\n<h4 class=\"wp-block-heading has-text-align-right\"><strong>Telem\u00f3vel Geral<\/strong>: 961 298 042<\/h4>\n\n\n\n<h4 class=\"wp-block-heading has-text-align-right\"><strong>Telem\u00f3vel Urg\u00eancias 24h:<\/strong> 961 298 045<\/h4>\n<\/div>\n<\/div>\n<\/div>\n<\/div>\n<\/div>\n<\/div>\n<\/div>\n<\/div>\n<\/div>\n","protected":false},"excerpt":{"rendered":"<p>Em Constru\u00e7\u00e3o. Contactos Email: geral@3xmais.pt Telem\u00f3vel Geral: 961 298 042 Telem\u00f3vel Urg\u00eancias 24h: 961 298 045<\/p>\n","protected":false},"author":1,"featured_media":0,"parent":0,"menu_order":0,"comment_status":"closed","ping_status":"closed","template":"","meta":{"footnotes":""},"class_list":["post-365","page","type-page","status-publish","hentry"],"_links":{"self":[{"href":"https:\/\/www.3xmais.pt\/index.php?rest_route=\/wp\/v2\/pages\/365","targetHints":{"allow":["GET"]}}],"collection":[{"href":"https:\/\/www.3xmais.pt\/index.php?rest_route=\/wp\/v2\/pages"}],"about":[{"href":"https:\/\/www.3xmais.pt\/index.php?rest_route=\/wp\/v2\/types\/page"}],"author":[{"embeddable":true,"href":"https:\/\/www.3xmais.pt\/index.php?rest_route=\/wp\/v2\/users\/1"}],"replies":[{"embeddable":true,"href":"https:\/\/www.3xmais.pt\/index.php?rest_route=%2Fwp%2Fv2%2Fcomments&post=365"}],"version-history":[{"count":5,"href":"https:\/\/www.3xmais.pt\/index.php?rest_route=\/wp\/v2\/pages\/365\/revisions"}],"predecessor-version":[{"id":396,"href":"https:\/\/www.3xmais.pt\/index.php?rest_route=\/wp\/v2\/pages\/365\/revisions\/396"}],"wp:attachment":[{"href":"https:\/\/www.3xmais.pt\/index.php?rest_route=%2Fwp%2Fv2%2Fmedia&parent=365"}],"curies":[{"name":"wp","href":"https:\/\/api.w.org\/{rel}","templated":true}]}}